{"id":2,"date":"2023-01-25T12:32:10","date_gmt":"2023-01-25T12:32:10","guid":{"rendered":"https:\/\/reserva.ortodonciafleitas.com\/?page_id=2"},"modified":"2024-11-11T14:35:28","modified_gmt":"2024-11-11T14:35:28","slug":"sample-page","status":"publish","type":"page","link":"https:\/\/reserva.ortodonciafleitas.com\/index.php\/sample-page\/","title":{"rendered":"home"},"content":{"rendered":"\n<figure class=\"wp-block-image aligncenter size-full is-resized\"><a href=\"https:\/\/ortodonciafleitas.com\/aligners-day-blackfriday\/\"><img loading=\"lazy\" decoding=\"async\" width=\"1200\" height=\"568\" src=\"https:\/\/reserva.ortodonciafleitas.com\/wp-content\/uploads\/2024\/11\/logo2.png\" alt=\"\" class=\"wp-image-24\" style=\"width:300px\" srcset=\"https:\/\/reserva.ortodonciafleitas.com\/wp-content\/uploads\/2024\/11\/logo2.png 1200w, https:\/\/reserva.ortodonciafleitas.com\/wp-content\/uploads\/2024\/11\/logo2-300x142.png 300w, https:\/\/reserva.ortodonciafleitas.com\/wp-content\/uploads\/2024\/11\/logo2-1024x485.png 1024w, https:\/\/reserva.ortodonciafleitas.com\/wp-content\/uploads\/2024\/11\/logo2-768x364.png 768w\" sizes=\"auto, (max-width: 1200px) 100vw, 1200px\" \/><\/a><\/figure>\n\n\n\n<figure class=\"wp-block-image size-full\"><img loading=\"lazy\" decoding=\"async\" width=\"895\" height=\"254\" src=\"https:\/\/reserva.ortodonciafleitas.com\/wp-content\/uploads\/2024\/11\/banner-invisalign1.jpg\" alt=\"\" class=\"wp-image-35\" srcset=\"https:\/\/reserva.ortodonciafleitas.com\/wp-content\/uploads\/2024\/11\/banner-invisalign1.jpg 895w, https:\/\/reserva.ortodonciafleitas.com\/wp-content\/uploads\/2024\/11\/banner-invisalign1-300x85.jpg 300w, https:\/\/reserva.ortodonciafleitas.com\/wp-content\/uploads\/2024\/11\/banner-invisalign1-768x218.jpg 768w\" sizes=\"auto, (max-width: 895px) 100vw, 895px\" \/><\/figure>\n\n\n\n<p class=\"has-text-align-center has-text-color has-link-color has-inter-font-family wp-elements-a92c2bdd48352bbf71cf9b769fb3bd01\" style=\"color:#222a53;font-style:normal;font-weight:900\"><strong>\u00a1Aprovecha <\/strong>hasta 1.675 \u20ac de ahorro<strong> en ortodoncia invisible!<\/strong><\/p>\n\n\n\n<h4 class=\"wp-block-heading has-text-align-center has-pale-pink-color has-text-color has-link-color has-large-font-size wp-elements-1594a8752b90d2754298dce423576755\"><strong>Solo si NUNCA anteriormente has solicitado o contratado tratamientos en nuestra cl\u00ednica<\/strong><\/h4>\n\n\n\n<p class=\"has-contrast-color has-text-color has-link-color wp-elements-b3dab4bf9dcdca67a7b2735cedfeff1f\" style=\"font-size:clamp(14px, 0.875rem + ((1vw - 3.2px) * 0.455), 18px);font-style:normal;font-weight:300\">Valoraci\u00f3n gratuita y personalizada.<br>\u00a1Incluye <strong>blanqueamiento dental GRATIS<\/strong> durante o al finalizar el tratamiento valorado en 350\u20ac!<\/p>\n\n\n\n<div class=\"wp-block-buttons is-content-justification-center is-layout-flex wp-container-core-buttons-is-layout-a89b3969 wp-block-buttons-is-layout-flex\">\n<div class=\"wp-block-button has-inter-font-family\"><a class=\"wp-block-button__link has-base-color has-pale-pink-background-color has-text-color has-background has-link-color has-text-align-center wp-element-button\" href=\"https:\/\/ortodonciafleitas.com\/aligners-day-blackfriday\/\" style=\"border-radius:100px\" target=\"_blank\" rel=\"noreferrer noopener\"><strong>Reserva tu cita ahora<\/strong><\/a><\/div>\n<\/div>\n\n\n\n<hr class=\"wp-block-separator has-text-color has-base-color has-alpha-channel-opacity has-base-background-color has-background\"\/>\n\n\n\n<h3 class=\"wp-block-heading has-text-color has-link-color has-inter-font-family wp-elements-bf62d6ea2e96e59e17e933178e5f05cf\" style=\"color:#222a53;font-size:clamp(14.642px, 0.915rem + ((1vw - 3.2px) * 0.836), 22px);font-style:normal;font-weight:900\">\u00bfPor qu\u00e9 Aligners Day?<\/h3>\n\n\n\n<h3 class=\"wp-block-heading has-inter-font-family\" style=\"font-size:clamp(14px, 0.875rem + ((1vw - 3.2px) * 0.455), 18px);font-style:normal;font-weight:300\"><strong>\u00bfTe preocupa la alineaci\u00f3n de tus dientes o no te sientes c\u00f3modo con tu sonrisa?<\/strong> Durante nuestros <em>Aligners Days<\/em>, te ofrecemos una oportunidad \u00fanica: recibir una <strong>valoraci\u00f3n gratuita<\/strong> y un presupuesto personalizado para ortodoncia invisible. Con esta promoci\u00f3n especial, podr\u00e1s acceder a un <strong>descuento de hasta 1.675\u20ac<\/strong> en tu tratamiento.<\/h3>\n\n\n\n<div class=\"wp-block-columns is-layout-flex wp-container-core-columns-is-layout-28f84493 wp-block-columns-is-layout-flex\">\n<div class=\"wp-block-column is-layout-flow wp-block-column-is-layout-flow\">\n<p class=\"has-text-color has-link-color has-inter-font-family wp-elements-892ceefb109ffb5d4acb9e6a428bfad6\" style=\"color:#222a53;font-size:clamp(14.642px, 0.915rem + ((1vw - 3.2px) * 0.836), 22px);font-style:normal;font-weight:900\">\u00bfQu\u00e9 incluye la promo?<\/p>\n\n\n\n<ul class=\"wp-block-list\">\n<li style=\"font-size:clamp(14px, 0.875rem + ((1vw - 3.2px) * 0.455), 18px);font-style:normal;font-weight:300\" class=\"has-inter-font-family\"><strong>Estudio de ortodoncia GRATIS<\/strong> (valorado en 197\u20ac)<\/li>\n\n\n\n<li style=\"font-size:clamp(14px, 0.875rem + ((1vw - 3.2px) * 0.455), 18px);font-style:normal;font-weight:300\" class=\"has-inter-font-family\"><strong>Blanqueamiento dental incluido<\/strong> (valorado en 350\u20ac durante o al finalizar el tratamiento)<\/li>\n\n\n\n<li style=\"font-size:clamp(14px, 0.875rem + ((1vw - 3.2px) * 0.455), 18px);font-style:normal;font-weight:300\" class=\"has-inter-font-family\"><strong>Alineaci\u00f3n invisible y c\u00f3moda<\/strong> sin brackets visibles.<\/li>\n\n\n\n<li style=\"font-size:clamp(14px, 0.875rem + ((1vw - 3.2px) * 0.455), 18px);font-style:normal;font-weight:300\" class=\"has-inter-font-family\"><strong>Plan de pago flexible y personalizado.<\/strong><\/li>\n<\/ul>\n\n\n\n<figure class=\"wp-block-image aligncenter size-full is-resized\"><img loading=\"lazy\" decoding=\"async\" width=\"2359\" height=\"1573\" src=\"https:\/\/reserva.ortodonciafleitas.com\/wp-content\/uploads\/2024\/11\/0L8A0824.jpg\" alt=\"\" class=\"wp-image-38\" style=\"width:657px\" srcset=\"https:\/\/reserva.ortodonciafleitas.com\/wp-content\/uploads\/2024\/11\/0L8A0824.jpg 2359w, https:\/\/reserva.ortodonciafleitas.com\/wp-content\/uploads\/2024\/11\/0L8A0824-300x200.jpg 300w, https:\/\/reserva.ortodonciafleitas.com\/wp-content\/uploads\/2024\/11\/0L8A0824-1024x683.jpg 1024w, https:\/\/reserva.ortodonciafleitas.com\/wp-content\/uploads\/2024\/11\/0L8A0824-768x512.jpg 768w, https:\/\/reserva.ortodonciafleitas.com\/wp-content\/uploads\/2024\/11\/0L8A0824-1536x1024.jpg 1536w, https:\/\/reserva.ortodonciafleitas.com\/wp-content\/uploads\/2024\/11\/0L8A0824-2048x1366.jpg 2048w\" sizes=\"auto, (max-width: 2359px) 100vw, 2359px\" \/><\/figure>\n<\/div>\n<\/div>\n\n\n\n<div class=\"wp-block-buttons is-content-justification-center is-layout-flex wp-container-core-buttons-is-layout-a89b3969 wp-block-buttons-is-layout-flex\">\n<div class=\"wp-block-button has-inter-font-family\"><a class=\"wp-block-button__link has-base-color has-pale-pink-background-color has-text-color has-background has-link-color has-text-align-center wp-element-button\" href=\"https:\/\/ortodonciafleitas.com\/aligners-day-blackfriday\/\" style=\"border-radius:100px\" target=\"_blank\" rel=\"noreferrer noopener\"><strong>Reserva tu cita antes del 25 de noviembre<\/strong><\/a><\/div>\n<\/div>\n\n\n\n<p><\/p>\n\n\n\n<blockquote class=\"wp-block-quote is-layout-flow wp-block-quote-is-layout-flow\">\n<p class=\"has-inter-font-family\" style=\"font-size:clamp(14px, 0.875rem + ((1vw - 3.2px) * 0.227), 16px);\"><em>\u00abEl ahorro no es un truco, es nuestra manera de ayudar a m\u00e1s personas a sonre\u00edr sin complejos. Soy la Dra. Elara Fleitas y estoy aqu\u00ed para que dejes de re\u00edrte a medias. No permitas que la inseguridad te limite. Reserva tu cita de valoraci\u00f3n gratuita conmigo y te mostrar\u00e9 c\u00f3mo Invisalign puede ayudarte a sentirte m\u00e1s c\u00f3moda delante del espejo y reforzar la seguridad en ti misma.\u00bb<\/em><\/p>\n\n\n\n<p class=\"has-inter-font-family\" style=\"font-size:clamp(14px, 0.875rem + ((1vw - 3.2px) * 0.227), 16px);\"><strong><em>Dra. Elara Fleitas, especialista en ortodoncia invisible.<\/em><\/strong><\/p>\n<\/blockquote>\n\n\n\n<div class=\"wp-block-cover has-parallax wp-elements-db828c16f42bc0c8fffaa798bd20a7fe\" style=\"padding-top:var(--wp--preset--spacing--30);padding-right:var(--wp--preset--spacing--40);padding-bottom:var(--wp--preset--spacing--30);padding-left:var(--wp--preset--spacing--40);min-height:287px;aspect-ratio:unset;\"><span aria-hidden=\"true\" class=\"wp-block-cover__background has-background-dim-0 has-background-dim\" style=\"background-color:#ffe5ec\"><\/span><div class=\"wp-block-cover__image-background wp-image-14 has-parallax\" style=\"background-position:50% 50%;background-image:url(https:\/\/reserva.ortodonciafleitas.com\/wp-content\/uploads\/2024\/11\/ELARA-fondoazul.jpg)\"><\/div><div class=\"wp-block-cover__inner-container is-layout-flow wp-block-cover-is-layout-flow\">\n<p class=\"has-text-align-left has-pale-pink-color has-text-color has-link-color has-inter-font-family wp-elements-521150edd688fccc4e9bbc2743dcffd7\" style=\"font-size:clamp(14.642px, 0.915rem + ((1vw - 3.2px) * 0.836), 22px);font-style:normal;font-weight:900\">\u00bfPor qu\u00e9 elegir la ortodoncia invisible?<\/p>\n\n\n\n<p class=\"has-text-align-left has-base-color has-text-color has-link-color has-inter-font-family wp-elements-e164c5a0bf6f2b9a95403dca51bb08b9\" style=\"font-size:clamp(14px, 0.875rem + ((1vw - 3.2px) * 0.455), 18px);font-style:normal;font-weight:800\"><em>Ortodoncia invisible vs. Ortodoncia tradicional<\/em><\/p>\n\n\n\n<ul class=\"wp-block-list\">\n<li style=\"font-style:normal;font-weight:300\" class=\"has-inter-font-family\"><strong>Resultados visibles en menos tiempo:<\/strong> \u00a1Empieza a ver cambios en solo 6 meses!<\/li>\n\n\n\n<li style=\"font-style:normal;font-weight:300\" class=\"has-inter-font-family\"><strong>Invisibilidad: <\/strong>Nadie notar\u00e1 que est\u00e1s en tratamiento.<\/li>\n\n\n\n<li style=\"font-style:normal;font-weight:300\" class=\"has-inter-font-family\"><strong>Comodidad: <\/strong>Sin molestias, con alineadores removibles.<\/li>\n<\/ul>\n<\/div><\/div>\n\n\n\n<hr class=\"wp-block-separator has-text-color has-base-color has-alpha-channel-opacity has-base-background-color has-background\"\/>\n\n\n\n<p class=\"has-text-color has-link-color has-inter-font-family wp-elements-6dd3716375f24ff0a5168fb360a2f82f\" style=\"color:#222a53;font-size:clamp(14.642px, 0.915rem + ((1vw - 3.2px) * 0.836), 22px);font-style:normal;font-weight:900\">\u00bfPara qui\u00e9n es adecuado la ortodoncia invisible?<\/p>\n\n\n\n<ul class=\"wp-block-list\">\n<li style=\"font-size:clamp(14px, 0.875rem + ((1vw - 3.2px) * 0.455), 18px);font-style:normal;font-weight:300\" class=\"has-inter-font-family\">Ideal para quienes buscan corregir alineaci\u00f3n dental sin comprometer la est\u00e9tica.<\/li>\n\n\n\n<li style=\"font-size:clamp(14px, 0.875rem + ((1vw - 3.2px) * 0.455), 18px);font-style:normal;font-weight:300\" class=\"has-inter-font-family\">Soluci\u00f3n personalizada para adultos y adolescentes.<\/li>\n<\/ul>\n\n\n\n<div class=\"wp-block-buttons is-content-justification-center is-layout-flex wp-container-core-buttons-is-layout-a89b3969 wp-block-buttons-is-layout-flex\">\n<div class=\"wp-block-button has-inter-font-family\"><a class=\"wp-block-button__link has-base-color has-pale-pink-background-color has-text-color has-background has-link-color has-text-align-center wp-element-button\" href=\"https:\/\/ortodonciafleitas.com\/aligners-day-blackfriday\/\" style=\"border-radius:100px\" target=\"_blank\" rel=\"noreferrer noopener\"><strong>Quiero saber si la ortodoncia invisible es para m\u00ed<\/strong><\/a><\/div>\n<\/div>\n\n\n\n<hr class=\"wp-block-separator has-text-color has-base-color has-alpha-channel-opacity has-base-background-color has-background\"\/>\n\n\n\n<p class=\"has-inter-font-family\" style=\"font-size:clamp(14px, 0.875rem + ((1vw - 3.2px) * 0.455), 18px);font-style:normal;font-weight:300\">Nuestros pacientes ya disfrutan de una sonrisa perfecta gracias a <em>la ortodoncia invisible<\/em> y no se arrepienten de su inversi\u00f3n:<\/p>\n\n\n\n<div class=\"wp-block-columns is-layout-flex wp-container-core-columns-is-layout-28f84493 wp-block-columns-is-layout-flex\">\n<div class=\"wp-block-column is-layout-flow wp-block-column-is-layout-flow\">\n<p class=\"has-inter-font-family\" style=\"font-size:clamp(14px, 0.875rem + ((1vw - 3.2px) * 0.227), 16px);font-style:italic;font-weight:300\">\u00abEstoy encantada con los resultados, y el proceso fue c\u00f3modo y r\u00e1pido.\u00bb  <strong>Ana R.<\/strong><\/p>\n<\/div>\n\n\n\n<div class=\"wp-block-column is-layout-flow wp-block-column-is-layout-flow\">\n<p class=\"has-inter-font-family\" style=\"font-size:clamp(14px, 0.875rem + ((1vw - 3.2px) * 0.227), 16px);font-style:italic;font-weight:300\">\u00abLa ortodoncia invisible cambi\u00f3 mi vida. Ahora sonr\u00edo sin complejos.\u00bb<br><strong>Carlos M.<\/strong><\/p>\n<\/div>\n\n\n\n<div class=\"wp-block-column is-layout-flow wp-block-column-is-layout-flow\">\n<p class=\"has-inter-font-family\" style=\"font-size:clamp(14px, 0.875rem + ((1vw - 3.2px) * 0.227), 16px);font-style:italic;font-weight:300\">\u00abLa Dra. Fleitas y su equipo me hicieron sentir en casa desde la primera cita.\u00bb<br><strong>Lorena P.<\/strong><\/p>\n<\/div>\n<\/div>\n\n\n\n<hr class=\"wp-block-separator has-text-color has-base-color has-alpha-channel-opacity has-base-background-color has-background\"\/>\n\n\n\n<figure class=\"wp-block-image size-full\"><img loading=\"lazy\" decoding=\"async\" width=\"895\" height=\"254\" src=\"https:\/\/reserva.ortodonciafleitas.com\/wp-content\/uploads\/2024\/11\/banner-invisalign2.jpg\" alt=\"\" class=\"wp-image-17\" srcset=\"https:\/\/reserva.ortodonciafleitas.com\/wp-content\/uploads\/2024\/11\/banner-invisalign2.jpg 895w, https:\/\/reserva.ortodonciafleitas.com\/wp-content\/uploads\/2024\/11\/banner-invisalign2-300x85.jpg 300w, https:\/\/reserva.ortodonciafleitas.com\/wp-content\/uploads\/2024\/11\/banner-invisalign2-768x218.jpg 768w\" sizes=\"auto, (max-width: 895px) 100vw, 895px\" \/><\/figure>\n\n\n\n<p class=\"has-text-color has-link-color has-inter-font-family wp-elements-7cc3cb4be34b05323a4d98f2d4d19a3c\" style=\"color:#222a53;font-size:clamp(14.642px, 0.915rem + ((1vw - 3.2px) * 0.836), 22px);font-style:normal;font-weight:900\">\u00bfDUDAS? \u00a1REPASAMOS!<\/p>\n\n\n\n<ul class=\"wp-block-list\">\n<li style=\"font-size:clamp(14px, 0.875rem + ((1vw - 3.2px) * 0.455), 18px);font-style:normal;font-weight:300\" class=\"has-inter-font-family\"><strong>\u00bfQu\u00e9 es la ortodoncia invisible? <\/strong>Es un sistema de alineaci\u00f3n dental invisible, c\u00f3modo y eficaz, ideal para adultos y adolescentes.<\/li>\n\n\n\n<li style=\"font-size:clamp(14px, 0.875rem + ((1vw - 3.2px) * 0.455), 18px);font-style:normal;font-weight:300\" class=\"has-inter-font-family\"><strong>\u00bfEl tratamiento es doloroso? <\/strong>No, los alineadores invisibles son c\u00f3modos y no causan las molestias de los brackets tradicionales.<\/li>\n\n\n\n<li style=\"font-size:clamp(14px, 0.875rem + ((1vw - 3.2px) * 0.455), 18px);font-style:normal;font-weight:300\" class=\"has-inter-font-family\"><strong>\u00bfQu\u00e9 incluye la valoraci\u00f3n gratuita? <\/strong>Incluye un estudio de ortodoncia completo y un plan personalizado para tu tratamiento.<\/li>\n\n\n\n<li style=\"font-size:clamp(14px, 0.875rem + ((1vw - 3.2px) * 0.455), 18px);font-style:normal;font-weight:300\" class=\"has-inter-font-family\"><strong>\u00bfPuedo hacer uso del blanqueamiento dental cuando quiera?<\/strong> Para que sea totamente gratis debe realizarse el blanqueamiento durante o justo despu\u00e9s de finalizar tu ortodoncia invisible.<\/li>\n<\/ul>\n\n\n\n<div class=\"wp-block-buttons is-content-justification-center is-layout-flex wp-container-core-buttons-is-layout-a89b3969 wp-block-buttons-is-layout-flex\">\n<div class=\"wp-block-button has-inter-font-family\"><a class=\"wp-block-button__link has-base-color has-pale-pink-background-color has-text-color has-background has-link-color has-text-align-center wp-element-button\" href=\"https:\/\/ortodonciafleitas.com\/aligners-day-blackfriday\/\" style=\"border-radius:100px\" target=\"_blank\" rel=\"noreferrer noopener\"><strong>\u00a1Quiero mi cita!<\/strong><\/a><\/div>\n<\/div>\n\n\n\n<hr class=\"wp-block-separator has-text-color has-base-color has-alpha-channel-opacity has-base-background-color has-background\"\/>\n\n\n\n<p><\/p>\n","protected":false},"excerpt":{"rendered":"<p>\u00a1Aprovecha hasta 1.675 \u20ac de ahorro en ortodoncia invisible! Solo si NUNCA anteriormente has solicitado o contratado tratamientos en nuestra cl\u00ednica Valoraci\u00f3n gratuita y personalizada.\u00a1Incluye blanqueamiento dental GRATIS durante o al finalizar el tratamiento valorado en 350\u20ac! \u00bfPor qu\u00e9 Aligners Day? \u00bfTe preocupa la alineaci\u00f3n de tus dientes o no te sientes c\u00f3modo con tu [&hellip;]<\/p>\n","protected":false},"author":1,"featured_media":0,"parent":0,"menu_order":0,"comment_status":"closed","ping_status":"closed","template":"","meta":{"footnotes":""},"class_list":["post-2","page","type-page","status-publish","hentry"],"_links":{"self":[{"href":"https:\/\/reserva.ortodonciafleitas.com\/index.php\/wp-json\/wp\/v2\/pages\/2","targetHints":{"allow":["GET"]}}],"collection":[{"href":"https:\/\/reserva.ortodonciafleitas.com\/index.php\/wp-json\/wp\/v2\/pages"}],"about":[{"href":"https:\/\/reserva.ortodonciafleitas.com\/index.php\/wp-json\/wp\/v2\/types\/page"}],"author":[{"embeddable":true,"href":"https:\/\/reserva.ortodonciafleitas.com\/index.php\/wp-json\/wp\/v2\/users\/1"}],"replies":[{"embeddable":true,"href":"https:\/\/reserva.ortodonciafleitas.com\/index.php\/wp-json\/wp\/v2\/comments?post=2"}],"version-history":[{"count":18,"href":"https:\/\/reserva.ortodonciafleitas.com\/index.php\/wp-json\/wp\/v2\/pages\/2\/revisions"}],"predecessor-version":[{"id":49,"href":"https:\/\/reserva.ortodonciafleitas.com\/index.php\/wp-json\/wp\/v2\/pages\/2\/revisions\/49"}],"wp:attachment":[{"href":"https:\/\/reserva.ortodonciafleitas.com\/index.php\/wp-json\/wp\/v2\/media?parent=2"}],"curies":[{"name":"wp","href":"https:\/\/api.w.org\/{rel}","templated":true}]}}